{"id":1091,"date":"2021-03-17T15:41:44","date_gmt":"2021-03-18T01:41:44","guid":{"rendered":"https:\/\/www.isepp.pf\/?page_id=1091"},"modified":"2024-04-17T08:48:33","modified_gmt":"2024-04-17T18:48:33","slug":"inscription","status":"publish","type":"page","link":"https:\/\/www.isepp.pf\/index.php\/inscription\/","title":{"rendered":"INSCRIPTION"},"content":{"rendered":"\t\t<div data-elementor-type=\"wp-page\" data-elementor-id=\"1091\" class=\"elementor elementor-1091\" data-elementor-settings=\"[]\">\n\t\t\t\t\t\t<div class=\"elementor-inner\">\n\t\t\t\t\t\t\t<div class=\"elementor-section-wrap\">\n\t\t\t\t\t\t\t<section class=\"has_eae_slider elementor-section elementor-top-section elementor-element elementor-element-585d31d elementor-section-boxed elementor-section-height-default elementor-section-height-default\" data-id=\"585d31d\" data-element_type=\"section\">\n\t\t\t\t\t\t<div class=\"elementor-container elementor-column-gap-default\">\n\t\t\t\t\t\t\t<div class=\"elementor-row\">\n\t\t\t\t\t<div class=\"has_eae_slider elementor-column elementor-col-100 elementor-top-column elementor-element elementor-element-668623c\" data-id=\"668623c\" data-element_type=\"column\">\n\t\t\t<div class=\"elementor-column-wrap elementor-element-populated\">\n\t\t\t\t\t\t\t<div class=\"elementor-widget-wrap\">\n\t\t\t\t\t\t<div class=\"elementor-element elementor-element-b60e203 elementor-widget elementor-widget-text-editor\" data-id=\"b60e203\" data-element_type=\"widget\" data-widget_type=\"text-editor.default\">\n\t\t\t\t<div class=\"elementor-widget-container\">\n\t\t\t\t\t\t\t\t<div class=\"elementor-text-editor elementor-clearfix\">\n\t\t\t\t<h3>Les candidats voulant s\u2019inscrire en L1 doivent formuler leurs v\u0153ux sur <a href=\"https:\/\/www.parcoursup.fr\/\">WWW.parcoursup.fr<\/a><\/h3><h3>Modalit\u00e9s d&rsquo;inscription en L1<\/h3><h3>\u00a0Premi\u00e8re inscription(en cours de construction)<\/h3><div>\u00a0Dossier de r\u00e9inscription(en cours de construction)<\/div><h3><span style=\"font-size: 12px; font-weight: 600; color: #444444;\"><span style=\"font-size: 12px; color: #3366ff;\"><a style=\"font-size: 12px; cursor: not-allowed !important;\" href=\"https:\/\/www.isepp.pf\/wp-content\/uploads\/2021\/03\/DOSSIER-VALIDATION-GENERIQUE-2021-22_SOC_STAPS_COM.pdf\"><span style=\"font-size: 12px; color: #3366ff;\">Dossier VAE-VAP<\/span>\u00a0<span style=\"font-size: 12px; color: #3366ff;\">2021\/2022<\/span>\u00a0<\/a><\/span><\/span><span style=\"font-size: 12px; font-weight: 600; color: #444444;\"><a style=\"font-size: 12px; cursor: not-allowed !important;\" href=\"https:\/\/www.isepp.pf\/wp-content\/uploads\/2021\/03\/DOSSIER-VALIDATION-GENERIQUE-2021-22_SOC_STAPS_COM.pdf\"><span style=\"font-size: 12px; color: #3366ff;\">pour les fili\u00e8res COM, SOC et STAPS<br \/><\/span><\/a><\/span><\/h3><h2><span style=\"font-size: 12px; cursor: not-allowed !important; color: #3366ff;\"><a style=\"font-size: 12px; cursor: not-allowed !important;\" href=\"https:\/\/www.isepp.pf\/wp-content\/uploads\/2021\/03\/Dossier-VAP-20_21-EDU.pdf\">Dossier VAE-VAP 2021\/2022 pou<u>r la fili\u00e8re Education<\/u><\/a><\/span><\/h2><p><a style=\"font-weight: normal;\" href=\"https:\/\/www.isepp.pf\/wp-content\/uploads\/2024\/04\/dossier-inscription-BP-JEPS-APT-2025.pdf\">Dossier de candidature BPJEPS<\/a><\/p><h3><span style=\"font-size: 12px; color: #3366ff;\">Pour toute information<\/span>\u00a0concernant les inscriptions, nous contacter au 40.505.180 ou \u00e0 l\u2019adresse info@isepp.pf<\/h3><p style=\"font-variant-ligatures: normal; font-variant-caps: normal; font-family: Roboto, sans-serif; font-size: 12px; font-style: normal; font-weight: 400;\">\u00a0<\/p>\t\t\t\t\t<\/div>\n\t\t\t\t\t\t<\/div>\n\t\t\t\t<\/div>\n\t\t\t\t\t\t<\/div>\n\t\t\t\t\t<\/div>\n\t\t<\/div>\n\t\t\t\t\t\t\t\t<\/div>\n\t\t\t\t\t<\/div>\n\t\t<\/section>\n\t\t\t\t\t\t<\/div>\n\t\t\t\t\t\t<\/div>\n\t\t\t\t\t<\/div>\n\t\t","protected":false},"excerpt":{"rendered":"<p>Les candidats voulant s\u2019inscrire en L1 doivent formuler leurs v\u0153ux sur WWW.parcoursup.fr Modalit\u00e9s d&rsquo;inscription en L1 &nbsp;Premi\u00e8re inscription(en cours de construction) &nbsp;Dossier de r\u00e9inscription(en cours de construction) Dossier VAE-VAP&nbsp;2021\/2022&nbsp;pour les fili\u00e8res COM, SOC et STAPS Dossier VAE-VAP 2021\/2022 pour la fili\u00e8re Education Dossier de candidature BPJEPS Pour toute information&nbsp;concernant les inscriptions, nous contacter au 40.505.180 [&hellip;]<\/p>\n","protected":false},"author":3,"featured_media":0,"parent":0,"menu_order":0,"comment_status":"closed","ping_status":"closed","template":"","meta":{"ngg_post_thumbnail":0},"yoast_head":"<!-- This site is optimized with the Yoast SEO plugin v17.1 - https:\/\/yoast.com\/wordpress\/plugins\/seo\/ -->\n<title>INSCRIPTION - ISEPP.pf<\/title>\n<meta name=\"robots\" content=\"index, follow, max-snippet:-1, max-image-preview:large, max-video-preview:-1\" \/>\n<link rel=\"canonical\" href=\"https:\/\/www.isepp.pf\/index.php\/inscription\/\" \/>\n<meta property=\"og:locale\" content=\"fr_FR\" \/>\n<meta property=\"og:type\" content=\"article\" \/>\n<meta property=\"og:title\" content=\"INSCRIPTION - ISEPP.pf\" \/>\n<meta property=\"og:description\" content=\"Les candidats voulant s\u2019inscrire en L1 doivent formuler leurs v\u0153ux sur WWW.parcoursup.fr Modalit\u00e9s d&rsquo;inscription en L1 &nbsp;Premi\u00e8re inscription(en cours de construction) &nbsp;Dossier de r\u00e9inscription(en cours de construction) Dossier VAE-VAP&nbsp;2021\/2022&nbsp;pour les fili\u00e8res COM, SOC et STAPS Dossier VAE-VAP 2021\/2022 pour la fili\u00e8re Education Dossier de candidature BPJEPS Pour toute information&nbsp;concernant les inscriptions, nous contacter au 40.505.180 [&hellip;]\" \/>\n<meta property=\"og:url\" content=\"https:\/\/www.isepp.pf\/index.php\/inscription\/\" \/>\n<meta property=\"og:site_name\" content=\"ISEPP.pf\" \/>\n<meta property=\"article:publisher\" content=\"https:\/\/fr-fr.facebook.com\/ISEPP-UCO-Pacifique-886593534792027\/?ref=page_internal\" \/>\n<meta property=\"article:modified_time\" content=\"2024-04-17T18:48:33+00:00\" \/>\n<meta name=\"twitter:card\" content=\"summary\" \/>\n<meta name=\"twitter:label1\" content=\"Dur\u00e9e de lecture est.\" \/>\n\t<meta name=\"twitter:data1\" content=\"1 minute\" \/>\n<script type=\"application\/ld+json\" class=\"yoast-schema-graph\">{\"@context\":\"https:\/\/schema.org\",\"@graph\":[{\"@type\":\"WebSite\",\"@id\":\"https:\/\/www.isepp.pf\/#website\",\"url\":\"https:\/\/www.isepp.pf\/\",\"name\":\"ISEPP.pf\",\"description\":\"\",\"potentialAction\":[{\"@type\":\"SearchAction\",\"target\":{\"@type\":\"EntryPoint\",\"urlTemplate\":\"https:\/\/www.isepp.pf\/?s={search_term_string}\"},\"query-input\":\"required name=search_term_string\"}],\"inLanguage\":\"fr-FR\"},{\"@type\":\"WebPage\",\"@id\":\"https:\/\/www.isepp.pf\/index.php\/inscription\/#webpage\",\"url\":\"https:\/\/www.isepp.pf\/index.php\/inscription\/\",\"name\":\"INSCRIPTION - ISEPP.pf\",\"isPartOf\":{\"@id\":\"https:\/\/www.isepp.pf\/#website\"},\"datePublished\":\"2021-03-18T01:41:44+00:00\",\"dateModified\":\"2024-04-17T18:48:33+00:00\",\"breadcrumb\":{\"@id\":\"https:\/\/www.isepp.pf\/index.php\/inscription\/#breadcrumb\"},\"inLanguage\":\"fr-FR\",\"potentialAction\":[{\"@type\":\"ReadAction\",\"target\":[\"https:\/\/www.isepp.pf\/index.php\/inscription\/\"]}]},{\"@type\":\"BreadcrumbList\",\"@id\":\"https:\/\/www.isepp.pf\/index.php\/inscription\/#breadcrumb\",\"itemListElement\":[{\"@type\":\"ListItem\",\"position\":1,\"name\":\"Accueil\",\"item\":\"https:\/\/www.isepp.pf\/\"},{\"@type\":\"ListItem\",\"position\":2,\"name\":\"INSCRIPTION\"}]}]}<\/script>\n<!-- \/ Yoast SEO plugin. -->","yoast_head_json":{"title":"INSCRIPTION - ISEPP.pf","robots":{"index":"index","follow":"follow","max-snippet":"max-snippet:-1","max-image-preview":"max-image-preview:large","max-video-preview":"max-video-preview:-1"},"canonical":"https:\/\/www.isepp.pf\/index.php\/inscription\/","og_locale":"fr_FR","og_type":"article","og_title":"INSCRIPTION - ISEPP.pf","og_description":"Les candidats voulant s\u2019inscrire en L1 doivent formuler leurs v\u0153ux sur WWW.parcoursup.fr Modalit\u00e9s d&rsquo;inscription en L1 &nbsp;Premi\u00e8re inscription(en cours de construction) &nbsp;Dossier de r\u00e9inscription(en cours de construction) Dossier VAE-VAP&nbsp;2021\/2022&nbsp;pour les fili\u00e8res COM, SOC et STAPS Dossier VAE-VAP 2021\/2022 pour la fili\u00e8re Education Dossier de candidature BPJEPS Pour toute information&nbsp;concernant les inscriptions, nous contacter au 40.505.180 [&hellip;]","og_url":"https:\/\/www.isepp.pf\/index.php\/inscription\/","og_site_name":"ISEPP.pf","article_publisher":"https:\/\/fr-fr.facebook.com\/ISEPP-UCO-Pacifique-886593534792027\/?ref=page_internal","article_modified_time":"2024-04-17T18:48:33+00:00","twitter_card":"summary","twitter_misc":{"Dur\u00e9e de lecture est.":"1 minute"},"schema":{"@context":"https:\/\/schema.org","@graph":[{"@type":"WebSite","@id":"https:\/\/www.isepp.pf\/#website","url":"https:\/\/www.isepp.pf\/","name":"ISEPP.pf","description":"","potentialAction":[{"@type":"SearchAction","target":{"@type":"EntryPoint","urlTemplate":"https:\/\/www.isepp.pf\/?s={search_term_string}"},"query-input":"required name=search_term_string"}],"inLanguage":"fr-FR"},{"@type":"WebPage","@id":"https:\/\/www.isepp.pf\/index.php\/inscription\/#webpage","url":"https:\/\/www.isepp.pf\/index.php\/inscription\/","name":"INSCRIPTION - ISEPP.pf","isPartOf":{"@id":"https:\/\/www.isepp.pf\/#website"},"datePublished":"2021-03-18T01:41:44+00:00","dateModified":"2024-04-17T18:48:33+00:00","breadcrumb":{"@id":"https:\/\/www.isepp.pf\/index.php\/inscription\/#breadcrumb"},"inLanguage":"fr-FR","potentialAction":[{"@type":"ReadAction","target":["https:\/\/www.isepp.pf\/index.php\/inscription\/"]}]},{"@type":"BreadcrumbList","@id":"https:\/\/www.isepp.pf\/index.php\/inscription\/#breadcrumb","itemListElement":[{"@type":"ListItem","position":1,"name":"Accueil","item":"https:\/\/www.isepp.pf\/"},{"@type":"ListItem","position":2,"name":"INSCRIPTION"}]}]}},"_links":{"self":[{"href":"https:\/\/www.isepp.pf\/index.php\/wp-json\/wp\/v2\/pages\/1091"}],"collection":[{"href":"https:\/\/www.isepp.pf\/index.php\/wp-json\/wp\/v2\/pages"}],"about":[{"href":"https:\/\/www.isepp.pf\/index.php\/wp-json\/wp\/v2\/types\/page"}],"author":[{"embeddable":true,"href":"https:\/\/www.isepp.pf\/index.php\/wp-json\/wp\/v2\/users\/3"}],"replies":[{"embeddable":true,"href":"https:\/\/www.isepp.pf\/index.php\/wp-json\/wp\/v2\/comments?post=1091"}],"version-history":[{"count":53,"href":"https:\/\/www.isepp.pf\/index.php\/wp-json\/wp\/v2\/pages\/1091\/revisions"}],"predecessor-version":[{"id":1796,"href":"https:\/\/www.isepp.pf\/index.php\/wp-json\/wp\/v2\/pages\/1091\/revisions\/1796"}],"wp:attachment":[{"href":"https:\/\/www.isepp.pf\/index.php\/wp-json\/wp\/v2\/media?parent=1091"}],"curies":[{"name":"wp","href":"https:\/\/api.w.org\/{rel}","templated":true}]}}