{"id":112,"date":"2016-12-02T02:01:23","date_gmt":"2016-12-02T01:01:23","guid":{"rendered":"http:\/\/192.168.71.104\/?page_id=112"},"modified":"2016-12-02T02:03:08","modified_gmt":"2016-12-02T01:03:08","slug":"les-associations-etudiantes","status":"publish","type":"page","link":"https:\/\/www.isepp.pf\/index.php\/la-vie-du-campus\/les-associations-etudiantes\/","title":{"rendered":"Les associations \u00e9tudiantes"},"content":{"rendered":"\t\t<div data-elementor-type=\"wp-post\" data-elementor-id=\"112\" class=\"elementor elementor-112 elementor-bc-flex-widget\" data-elementor-settings=\"[]\">\n\t\t\t\t\t\t<div class=\"elementor-inner\">\n\t\t\t\t\t\t\t<div class=\"elementor-section-wrap\">\n\t\t\t\t\t\t\t<section class=\"has_eae_slider elementor-section elementor-top-section elementor-element elementor-element-8k11iwf elementor-section-boxed elementor-section-height-default elementor-section-height-default\" data-id=\"8k11iwf\" data-element_type=\"section\">\n\t\t\t\t\t\t<div class=\"elementor-container elementor-column-gap-default\">\n\t\t\t\t\t\t\t<div class=\"elementor-row\">\n\t\t\t\t\t<div class=\"has_eae_slider elementor-column elementor-col-100 elementor-top-column elementor-element elementor-element-tm7zo6r\" data-id=\"tm7zo6r\" data-element_type=\"column\">\n\t\t\t<div class=\"elementor-column-wrap elementor-element-populated\">\n\t\t\t\t\t\t\t<div class=\"elementor-widget-wrap\">\n\t\t\t\t\t\t<div class=\"elementor-element elementor-element-qcnzdsp elementor-widget elementor-widget-text-editor\" data-id=\"qcnzdsp\" data-element_type=\"widget\" data-widget_type=\"text-editor.default\">\n\t\t\t\t<div class=\"elementor-widget-container\">\n\t\t\t\t\t\t\t\t<div class=\"elementor-text-editor elementor-clearfix\">\n\t\t\t\t<div id=\"tagline\">\u00a0<\/div><div class=\"hentry-post\"><p>Les \u00e9tudiants de l\u2019ISEPP ont constitu\u00e9 une association\u00a0: l\u2019association des \u00e9tudiants de l\u2019ISEPP, connue sous l\u2019appellation \u00ab\u00a0AEI\u00a0\u00bb. Celle-ci organise diff\u00e9rentes manifestations tout au long de l\u2019ann\u00e9e universitaire. Ne pas h\u00e9siter \u00e0 se renseigner aupr\u00e8s des \u00e9tudiants de 2<sup>\u00e8me<\/sup> et 3<sup>\u00e8me<\/sup> ann\u00e9es pour plus de renseignements sur le fonctionnement de l\u2019association et les activit\u00e9s en cours ou \u00e0 venir.<\/p><\/div>\t\t\t\t\t<\/div>\n\t\t\t\t\t\t<\/div>\n\t\t\t\t<\/div>\n\t\t\t\t\t\t<\/div>\n\t\t\t\t\t<\/div>\n\t\t<\/div>\n\t\t\t\t\t\t\t\t<\/div>\n\t\t\t\t\t<\/div>\n\t\t<\/section>\n\t\t\t\t\t\t<\/div>\n\t\t\t\t\t\t<\/div>\n\t\t\t\t\t<\/div>\n\t\t","protected":false},"excerpt":{"rendered":"<p>\u00a0 Les \u00e9tudiants de l\u2019ISEPP ont constitu\u00e9 une association\u00a0: l\u2019association des \u00e9tudiants de l\u2019ISEPP, connue sous l\u2019appellation \u00ab\u00a0AEI\u00a0\u00bb. Celle-ci organise diff\u00e9rentes manifestations tout au long de l\u2019ann\u00e9e universitaire. Ne pas h\u00e9siter \u00e0 se renseigner aupr\u00e8s des \u00e9tudiants de 2\u00e8me et 3\u00e8me ann\u00e9es pour plus de renseignements sur le fonctionnement de l\u2019association et les activit\u00e9s en [&hellip;]<\/p>\n","protected":false},"author":1,"featured_media":0,"parent":59,"menu_order":0,"comment_status":"closed","ping_status":"closed","template":"templates\/builder-fullwidth-std.php","meta":{"ngg_post_thumbnail":0},"yoast_head":"<!-- This site is optimized with the Yoast SEO plugin v17.1 - https:\/\/yoast.com\/wordpress\/plugins\/seo\/ -->\n<title>Les associations \u00e9tudiantes - ISEPP.pf<\/title>\n<meta name=\"robots\" content=\"index, follow, max-snippet:-1, max-image-preview:large, max-video-preview:-1\" \/>\n<link rel=\"canonical\" href=\"https:\/\/www.isepp.pf\/index.php\/la-vie-du-campus\/les-associations-etudiantes\/\" \/>\n<meta property=\"og:locale\" content=\"fr_FR\" \/>\n<meta property=\"og:type\" content=\"article\" \/>\n<meta property=\"og:title\" content=\"Les associations \u00e9tudiantes - ISEPP.pf\" \/>\n<meta property=\"og:description\" content=\"\u00a0 Les \u00e9tudiants de l\u2019ISEPP ont constitu\u00e9 une association\u00a0: l\u2019association des \u00e9tudiants de l\u2019ISEPP, connue sous l\u2019appellation \u00ab\u00a0AEI\u00a0\u00bb. Celle-ci organise diff\u00e9rentes manifestations tout au long de l\u2019ann\u00e9e universitaire. Ne pas h\u00e9siter \u00e0 se renseigner aupr\u00e8s des \u00e9tudiants de 2\u00e8me et 3\u00e8me ann\u00e9es pour plus de renseignements sur le fonctionnement de l\u2019association et les activit\u00e9s en [&hellip;]\" \/>\n<meta property=\"og:url\" content=\"https:\/\/www.isepp.pf\/index.php\/la-vie-du-campus\/les-associations-etudiantes\/\" \/>\n<meta property=\"og:site_name\" content=\"ISEPP.pf\" \/>\n<meta property=\"article:publisher\" content=\"https:\/\/fr-fr.facebook.com\/ISEPP-UCO-Pacifique-886593534792027\/?ref=page_internal\" \/>\n<meta property=\"article:modified_time\" content=\"2016-12-02T01:03:08+00:00\" \/>\n<meta name=\"twitter:card\" content=\"summary\" \/>\n<script type=\"application\/ld+json\" class=\"yoast-schema-graph\">{\"@context\":\"https:\/\/schema.org\",\"@graph\":[{\"@type\":\"WebSite\",\"@id\":\"https:\/\/www.isepp.pf\/#website\",\"url\":\"https:\/\/www.isepp.pf\/\",\"name\":\"ISEPP.pf\",\"description\":\"\",\"potentialAction\":[{\"@type\":\"SearchAction\",\"target\":{\"@type\":\"EntryPoint\",\"urlTemplate\":\"https:\/\/www.isepp.pf\/?s={search_term_string}\"},\"query-input\":\"required name=search_term_string\"}],\"inLanguage\":\"fr-FR\"},{\"@type\":\"WebPage\",\"@id\":\"https:\/\/www.isepp.pf\/index.php\/la-vie-du-campus\/les-associations-etudiantes\/#webpage\",\"url\":\"https:\/\/www.isepp.pf\/index.php\/la-vie-du-campus\/les-associations-etudiantes\/\",\"name\":\"Les associations \\u00e9tudiantes - ISEPP.pf\",\"isPartOf\":{\"@id\":\"https:\/\/www.isepp.pf\/#website\"},\"datePublished\":\"2016-12-02T01:01:23+00:00\",\"dateModified\":\"2016-12-02T01:03:08+00:00\",\"breadcrumb\":{\"@id\":\"https:\/\/www.isepp.pf\/index.php\/la-vie-du-campus\/les-associations-etudiantes\/#breadcrumb\"},\"inLanguage\":\"fr-FR\",\"potentialAction\":[{\"@type\":\"ReadAction\",\"target\":[\"https:\/\/www.isepp.pf\/index.php\/la-vie-du-campus\/les-associations-etudiantes\/\"]}]},{\"@type\":\"BreadcrumbList\",\"@id\":\"https:\/\/www.isepp.pf\/index.php\/la-vie-du-campus\/les-associations-etudiantes\/#breadcrumb\",\"itemListElement\":[{\"@type\":\"ListItem\",\"position\":1,\"name\":\"Accueil\",\"item\":\"https:\/\/www.isepp.pf\/\"},{\"@type\":\"ListItem\",\"position\":2,\"name\":\"LA VIE DU CAMPUS\",\"item\":\"https:\/\/www.isepp.pf\/index.php\/la-vie-du-campus\/\"},{\"@type\":\"ListItem\",\"position\":3,\"name\":\"Les associations \\u00e9tudiantes\"}]}]}<\/script>\n<!-- \/ Yoast SEO plugin. -->","yoast_head_json":{"title":"Les associations \u00e9tudiantes - ISEPP.pf","robots":{"index":"index","follow":"follow","max-snippet":"max-snippet:-1","max-image-preview":"max-image-preview:large","max-video-preview":"max-video-preview:-1"},"canonical":"https:\/\/www.isepp.pf\/index.php\/la-vie-du-campus\/les-associations-etudiantes\/","og_locale":"fr_FR","og_type":"article","og_title":"Les associations \u00e9tudiantes - ISEPP.pf","og_description":"\u00a0 Les \u00e9tudiants de l\u2019ISEPP ont constitu\u00e9 une association\u00a0: l\u2019association des \u00e9tudiants de l\u2019ISEPP, connue sous l\u2019appellation \u00ab\u00a0AEI\u00a0\u00bb. Celle-ci organise diff\u00e9rentes manifestations tout au long de l\u2019ann\u00e9e universitaire. Ne pas h\u00e9siter \u00e0 se renseigner aupr\u00e8s des \u00e9tudiants de 2\u00e8me et 3\u00e8me ann\u00e9es pour plus de renseignements sur le fonctionnement de l\u2019association et les activit\u00e9s en [&hellip;]","og_url":"https:\/\/www.isepp.pf\/index.php\/la-vie-du-campus\/les-associations-etudiantes\/","og_site_name":"ISEPP.pf","article_publisher":"https:\/\/fr-fr.facebook.com\/ISEPP-UCO-Pacifique-886593534792027\/?ref=page_internal","article_modified_time":"2016-12-02T01:03:08+00:00","twitter_card":"summary","schema":{"@context":"https:\/\/schema.org","@graph":[{"@type":"WebSite","@id":"https:\/\/www.isepp.pf\/#website","url":"https:\/\/www.isepp.pf\/","name":"ISEPP.pf","description":"","potentialAction":[{"@type":"SearchAction","target":{"@type":"EntryPoint","urlTemplate":"https:\/\/www.isepp.pf\/?s={search_term_string}"},"query-input":"required name=search_term_string"}],"inLanguage":"fr-FR"},{"@type":"WebPage","@id":"https:\/\/www.isepp.pf\/index.php\/la-vie-du-campus\/les-associations-etudiantes\/#webpage","url":"https:\/\/www.isepp.pf\/index.php\/la-vie-du-campus\/les-associations-etudiantes\/","name":"Les associations \u00e9tudiantes - ISEPP.pf","isPartOf":{"@id":"https:\/\/www.isepp.pf\/#website"},"datePublished":"2016-12-02T01:01:23+00:00","dateModified":"2016-12-02T01:03:08+00:00","breadcrumb":{"@id":"https:\/\/www.isepp.pf\/index.php\/la-vie-du-campus\/les-associations-etudiantes\/#breadcrumb"},"inLanguage":"fr-FR","potentialAction":[{"@type":"ReadAction","target":["https:\/\/www.isepp.pf\/index.php\/la-vie-du-campus\/les-associations-etudiantes\/"]}]},{"@type":"BreadcrumbList","@id":"https:\/\/www.isepp.pf\/index.php\/la-vie-du-campus\/les-associations-etudiantes\/#breadcrumb","itemListElement":[{"@type":"ListItem","position":1,"name":"Accueil","item":"https:\/\/www.isepp.pf\/"},{"@type":"ListItem","position":2,"name":"LA VIE DU CAMPUS","item":"https:\/\/www.isepp.pf\/index.php\/la-vie-du-campus\/"},{"@type":"ListItem","position":3,"name":"Les associations \u00e9tudiantes"}]}]}},"_links":{"self":[{"href":"https:\/\/www.isepp.pf\/index.php\/wp-json\/wp\/v2\/pages\/112"}],"collection":[{"href":"https:\/\/www.isepp.pf\/index.php\/wp-json\/wp\/v2\/pages"}],"about":[{"href":"https:\/\/www.isepp.pf\/index.php\/wp-json\/wp\/v2\/types\/page"}],"author":[{"embeddable":true,"href":"https:\/\/www.isepp.pf\/index.php\/wp-json\/wp\/v2\/users\/1"}],"replies":[{"embeddable":true,"href":"https:\/\/www.isepp.pf\/index.php\/wp-json\/wp\/v2\/comments?post=112"}],"version-history":[{"count":2,"href":"https:\/\/www.isepp.pf\/index.php\/wp-json\/wp\/v2\/pages\/112\/revisions"}],"predecessor-version":[{"id":114,"href":"https:\/\/www.isepp.pf\/index.php\/wp-json\/wp\/v2\/pages\/112\/revisions\/114"}],"up":[{"embeddable":true,"href":"https:\/\/www.isepp.pf\/index.php\/wp-json\/wp\/v2\/pages\/59"}],"wp:attachment":[{"href":"https:\/\/www.isepp.pf\/index.php\/wp-json\/wp\/v2\/media?parent=112"}],"curies":[{"name":"wp","href":"https:\/\/api.w.org\/{rel}","templated":true}]}}