{"id":115,"date":"2016-12-02T02:02:13","date_gmt":"2016-12-02T01:02:13","guid":{"rendered":"http:\/\/192.168.71.104\/?page_id=115"},"modified":"2019-03-27T16:00:30","modified_gmt":"2019-03-28T02:00:30","slug":"la-pastorale-de-lissep","status":"publish","type":"page","link":"https:\/\/www.isepp.pf\/index.php\/la-vie-du-campus\/la-pastorale-de-lissep\/","title":{"rendered":"La pastorale de l&rsquo;ISEPP"},"content":{"rendered":"\t\t<div data-elementor-type=\"wp-post\" data-elementor-id=\"115\" class=\"elementor elementor-115\" data-elementor-settings=\"[]\">\n\t\t\t\t\t\t<div class=\"elementor-inner\">\n\t\t\t\t\t\t\t<div class=\"elementor-section-wrap\">\n\t\t\t\t\t\t\t<section class=\"has_eae_slider elementor-section elementor-top-section elementor-element elementor-element-4719a1b elementor-section-boxed elementor-section-height-default elementor-section-height-default\" data-id=\"4719a1b\" data-element_type=\"section\">\n\t\t\t\t\t\t<div class=\"elementor-container elementor-column-gap-default\">\n\t\t\t\t\t\t\t<div class=\"elementor-row\">\n\t\t\t\t\t<div class=\"has_eae_slider elementor-column elementor-col-50 elementor-top-column elementor-element elementor-element-a4769fe\" data-id=\"a4769fe\" data-element_type=\"column\">\n\t\t\t<div class=\"elementor-column-wrap elementor-element-populated\">\n\t\t\t\t\t\t\t<div class=\"elementor-widget-wrap\">\n\t\t\t\t\t\t<div class=\"elementor-element elementor-element-16c23fb elementor-widget elementor-widget-text-editor\" data-id=\"16c23fb\" data-element_type=\"widget\" data-widget_type=\"text-editor.default\">\n\t\t\t\t<div class=\"elementor-widget-container\">\n\t\t\t\t\t\t\t\t<div class=\"elementor-text-editor elementor-clearfix\">\n\t\t\t\t<h3><span style=\"font-weight: normal;\">En accord avec son caract\u00e8re propre, l\u2019ISEPP propose, \u00e0 ceux qui le d\u00e9sirent, une pastorale chr\u00e9tienne tout au long de l\u2019ann\u00e9e universitaire. Cette pastorale chr\u00e9tienne se traduit par des messes mensuelles (en g\u00e9n\u00e9ral le deuxi\u00e8me vendredi du mois \u00e0 12h \u00e0 la chapelle) ainsi que des temps forts pendant les grandes f\u00eates liturgiques (No\u00ebl et P\u00e2ques) et des temps de r\u00e9flexion autour de sujets \u0153cum\u00e9niques.<\/span><\/h3>\t\t\t\t\t<\/div>\n\t\t\t\t\t\t<\/div>\n\t\t\t\t<\/div>\n\t\t\t\t\t\t<\/div>\n\t\t\t\t\t<\/div>\n\t\t<\/div>\n\t\t\t\t<div class=\"has_eae_slider elementor-column elementor-col-50 elementor-top-column elementor-element elementor-element-3a9d8b7\" data-id=\"3a9d8b7\" data-element_type=\"column\">\n\t\t\t<div class=\"elementor-column-wrap elementor-element-populated\">\n\t\t\t\t\t\t\t<div class=\"elementor-widget-wrap\">\n\t\t\t\t\t\t<div class=\"elementor-element elementor-element-b2b7be9 elementor-widget elementor-widget-heading\" data-id=\"b2b7be9\" data-element_type=\"widget\" data-widget_type=\"heading.default\">\n\t\t\t\t<div class=\"elementor-widget-container\">\n\t\t\t<div class=\"elementor-heading-title elementor-size-default\">Ajoutez votre text<iframe loading=\"lazy\" src=\"https:\/\/www.facebook.com\/plugins\/page.php?href=https%3A%2F%2Fwww.facebook.com%2Fccitahiti%2F&tabs=timeline&width=340&height=500&small_header=false&adapt_container_width=true&hide_cover=false&show_facepile=true&appId\" width=\"340\" height=\"500\" style=\"border:none;overflow:hidden\" scrolling=\"no\" frameborder=\"0\" allowTransparency=\"true\" allow=\"encrypted-media\"><\/iframe>e de titrage ici<\/div>\t\t<\/div>\n\t\t\t\t<\/div>\n\t\t\t\t\t\t<\/div>\n\t\t\t\t\t<\/div>\n\t\t<\/div>\n\t\t\t\t\t\t\t\t<\/div>\n\t\t\t\t\t<\/div>\n\t\t<\/section>\n\t\t\t\t\t\t<\/div>\n\t\t\t\t\t\t<\/div>\n\t\t\t\t\t<\/div>\n\t\t","protected":false},"excerpt":{"rendered":"<p>En accord avec son caract\u00e8re propre, l\u2019ISEPP propose, \u00e0 ceux qui le d\u00e9sirent, une pastorale chr\u00e9tienne tout au long de l\u2019ann\u00e9e universitaire. Cette pastorale chr\u00e9tienne se traduit par des messes mensuelles (en g\u00e9n\u00e9ral le deuxi\u00e8me vendredi du mois \u00e0 12h \u00e0 la chapelle) ainsi que des temps forts pendant les grandes f\u00eates liturgiques (No\u00ebl et [&hellip;]<\/p>\n","protected":false},"author":1,"featured_media":0,"parent":59,"menu_order":0,"comment_status":"closed","ping_status":"closed","template":"","meta":{"ngg_post_thumbnail":0},"yoast_head":"<!-- This site is optimized with the Yoast SEO plugin v17.1 - https:\/\/yoast.com\/wordpress\/plugins\/seo\/ -->\n<title>La pastorale de l&#039;ISEPP - ISEPP.pf<\/title>\n<meta name=\"robots\" content=\"index, follow, max-snippet:-1, max-image-preview:large, max-video-preview:-1\" \/>\n<link rel=\"canonical\" href=\"https:\/\/www.isepp.pf\/index.php\/la-vie-du-campus\/la-pastorale-de-lissep\/\" \/>\n<meta property=\"og:locale\" content=\"fr_FR\" \/>\n<meta property=\"og:type\" content=\"article\" \/>\n<meta property=\"og:title\" content=\"La pastorale de l&#039;ISEPP - ISEPP.pf\" \/>\n<meta property=\"og:description\" content=\"En accord avec son caract\u00e8re propre, l\u2019ISEPP propose, \u00e0 ceux qui le d\u00e9sirent, une pastorale chr\u00e9tienne tout au long de l\u2019ann\u00e9e universitaire. Cette pastorale chr\u00e9tienne se traduit par des messes mensuelles (en g\u00e9n\u00e9ral le deuxi\u00e8me vendredi du mois \u00e0 12h \u00e0 la chapelle) ainsi que des temps forts pendant les grandes f\u00eates liturgiques (No\u00ebl et [&hellip;]\" \/>\n<meta property=\"og:url\" content=\"https:\/\/www.isepp.pf\/index.php\/la-vie-du-campus\/la-pastorale-de-lissep\/\" \/>\n<meta property=\"og:site_name\" content=\"ISEPP.pf\" \/>\n<meta property=\"article:publisher\" content=\"https:\/\/fr-fr.facebook.com\/ISEPP-UCO-Pacifique-886593534792027\/?ref=page_internal\" \/>\n<meta property=\"article:modified_time\" content=\"2019-03-28T02:00:30+00:00\" \/>\n<meta name=\"twitter:card\" content=\"summary\" \/>\n<script type=\"application\/ld+json\" class=\"yoast-schema-graph\">{\"@context\":\"https:\/\/schema.org\",\"@graph\":[{\"@type\":\"WebSite\",\"@id\":\"https:\/\/www.isepp.pf\/#website\",\"url\":\"https:\/\/www.isepp.pf\/\",\"name\":\"ISEPP.pf\",\"description\":\"\",\"potentialAction\":[{\"@type\":\"SearchAction\",\"target\":{\"@type\":\"EntryPoint\",\"urlTemplate\":\"https:\/\/www.isepp.pf\/?s={search_term_string}\"},\"query-input\":\"required name=search_term_string\"}],\"inLanguage\":\"fr-FR\"},{\"@type\":\"WebPage\",\"@id\":\"https:\/\/www.isepp.pf\/index.php\/la-vie-du-campus\/la-pastorale-de-lissep\/#webpage\",\"url\":\"https:\/\/www.isepp.pf\/index.php\/la-vie-du-campus\/la-pastorale-de-lissep\/\",\"name\":\"La pastorale de l'ISEPP - ISEPP.pf\",\"isPartOf\":{\"@id\":\"https:\/\/www.isepp.pf\/#website\"},\"datePublished\":\"2016-12-02T01:02:13+00:00\",\"dateModified\":\"2019-03-28T02:00:30+00:00\",\"breadcrumb\":{\"@id\":\"https:\/\/www.isepp.pf\/index.php\/la-vie-du-campus\/la-pastorale-de-lissep\/#breadcrumb\"},\"inLanguage\":\"fr-FR\",\"potentialAction\":[{\"@type\":\"ReadAction\",\"target\":[\"https:\/\/www.isepp.pf\/index.php\/la-vie-du-campus\/la-pastorale-de-lissep\/\"]}]},{\"@type\":\"BreadcrumbList\",\"@id\":\"https:\/\/www.isepp.pf\/index.php\/la-vie-du-campus\/la-pastorale-de-lissep\/#breadcrumb\",\"itemListElement\":[{\"@type\":\"ListItem\",\"position\":1,\"name\":\"Accueil\",\"item\":\"https:\/\/www.isepp.pf\/\"},{\"@type\":\"ListItem\",\"position\":2,\"name\":\"LA VIE DU CAMPUS\",\"item\":\"https:\/\/www.isepp.pf\/index.php\/la-vie-du-campus\/\"},{\"@type\":\"ListItem\",\"position\":3,\"name\":\"La pastorale de l&rsquo;ISEPP\"}]}]}<\/script>\n<!-- \/ Yoast SEO plugin. -->","yoast_head_json":{"title":"La pastorale de l'ISEPP - ISEPP.pf","robots":{"index":"index","follow":"follow","max-snippet":"max-snippet:-1","max-image-preview":"max-image-preview:large","max-video-preview":"max-video-preview:-1"},"canonical":"https:\/\/www.isepp.pf\/index.php\/la-vie-du-campus\/la-pastorale-de-lissep\/","og_locale":"fr_FR","og_type":"article","og_title":"La pastorale de l'ISEPP - ISEPP.pf","og_description":"En accord avec son caract\u00e8re propre, l\u2019ISEPP propose, \u00e0 ceux qui le d\u00e9sirent, une pastorale chr\u00e9tienne tout au long de l\u2019ann\u00e9e universitaire. Cette pastorale chr\u00e9tienne se traduit par des messes mensuelles (en g\u00e9n\u00e9ral le deuxi\u00e8me vendredi du mois \u00e0 12h \u00e0 la chapelle) ainsi que des temps forts pendant les grandes f\u00eates liturgiques (No\u00ebl et [&hellip;]","og_url":"https:\/\/www.isepp.pf\/index.php\/la-vie-du-campus\/la-pastorale-de-lissep\/","og_site_name":"ISEPP.pf","article_publisher":"https:\/\/fr-fr.facebook.com\/ISEPP-UCO-Pacifique-886593534792027\/?ref=page_internal","article_modified_time":"2019-03-28T02:00:30+00:00","twitter_card":"summary","schema":{"@context":"https:\/\/schema.org","@graph":[{"@type":"WebSite","@id":"https:\/\/www.isepp.pf\/#website","url":"https:\/\/www.isepp.pf\/","name":"ISEPP.pf","description":"","potentialAction":[{"@type":"SearchAction","target":{"@type":"EntryPoint","urlTemplate":"https:\/\/www.isepp.pf\/?s={search_term_string}"},"query-input":"required name=search_term_string"}],"inLanguage":"fr-FR"},{"@type":"WebPage","@id":"https:\/\/www.isepp.pf\/index.php\/la-vie-du-campus\/la-pastorale-de-lissep\/#webpage","url":"https:\/\/www.isepp.pf\/index.php\/la-vie-du-campus\/la-pastorale-de-lissep\/","name":"La pastorale de l'ISEPP - ISEPP.pf","isPartOf":{"@id":"https:\/\/www.isepp.pf\/#website"},"datePublished":"2016-12-02T01:02:13+00:00","dateModified":"2019-03-28T02:00:30+00:00","breadcrumb":{"@id":"https:\/\/www.isepp.pf\/index.php\/la-vie-du-campus\/la-pastorale-de-lissep\/#breadcrumb"},"inLanguage":"fr-FR","potentialAction":[{"@type":"ReadAction","target":["https:\/\/www.isepp.pf\/index.php\/la-vie-du-campus\/la-pastorale-de-lissep\/"]}]},{"@type":"BreadcrumbList","@id":"https:\/\/www.isepp.pf\/index.php\/la-vie-du-campus\/la-pastorale-de-lissep\/#breadcrumb","itemListElement":[{"@type":"ListItem","position":1,"name":"Accueil","item":"https:\/\/www.isepp.pf\/"},{"@type":"ListItem","position":2,"name":"LA VIE DU CAMPUS","item":"https:\/\/www.isepp.pf\/index.php\/la-vie-du-campus\/"},{"@type":"ListItem","position":3,"name":"La pastorale de l&rsquo;ISEPP"}]}]}},"_links":{"self":[{"href":"https:\/\/www.isepp.pf\/index.php\/wp-json\/wp\/v2\/pages\/115"}],"collection":[{"href":"https:\/\/www.isepp.pf\/index.php\/wp-json\/wp\/v2\/pages"}],"about":[{"href":"https:\/\/www.isepp.pf\/index.php\/wp-json\/wp\/v2\/types\/page"}],"author":[{"embeddable":true,"href":"https:\/\/www.isepp.pf\/index.php\/wp-json\/wp\/v2\/users\/1"}],"replies":[{"embeddable":true,"href":"https:\/\/www.isepp.pf\/index.php\/wp-json\/wp\/v2\/comments?post=115"}],"version-history":[{"count":8,"href":"https:\/\/www.isepp.pf\/index.php\/wp-json\/wp\/v2\/pages\/115\/revisions"}],"predecessor-version":[{"id":738,"href":"https:\/\/www.isepp.pf\/index.php\/wp-json\/wp\/v2\/pages\/115\/revisions\/738"}],"up":[{"embeddable":true,"href":"https:\/\/www.isepp.pf\/index.php\/wp-json\/wp\/v2\/pages\/59"}],"wp:attachment":[{"href":"https:\/\/www.isepp.pf\/index.php\/wp-json\/wp\/v2\/media?parent=115"}],"curies":[{"name":"wp","href":"https:\/\/api.w.org\/{rel}","templated":true}]}}