{"id":225,"date":"2017-01-10T09:31:40","date_gmt":"2017-01-10T19:31:40","guid":{"rendered":"https:\/\/192.168.71.104\/?page_id=225"},"modified":"2020-03-03T12:40:35","modified_gmt":"2020-03-03T22:40:35","slug":"licence-sciences-humaines-sociales-et-gestion-mention-sciences-de-leducation","status":"publish","type":"page","link":"https:\/\/www.isepp.pf\/index.php\/les-formations\/licence-sciences-humaines-sociales-et-gestion-mention-sciences-de-leducation\/","title":{"rendered":"LICENCE Sciences de l&rsquo;Education"},"content":{"rendered":"\t\t<div data-elementor-type=\"wp-post\" data-elementor-id=\"225\" class=\"elementor elementor-225\" data-elementor-settings=\"[]\">\n\t\t\t\t\t\t<div class=\"elementor-inner\">\n\t\t\t\t\t\t\t<div class=\"elementor-section-wrap\">\n\t\t\t\t\t\t\t<section class=\"has_eae_slider elementor-section elementor-top-section elementor-element elementor-element-acqzdhg elementor-section-boxed elementor-section-height-default elementor-section-height-default\" data-id=\"acqzdhg\" data-element_type=\"section\">\n\t\t\t\t\t\t<div class=\"elementor-container elementor-column-gap-default\">\n\t\t\t\t\t\t\t<div class=\"elementor-row\">\n\t\t\t\t\t<div class=\"has_eae_slider elementor-column elementor-col-100 elementor-top-column elementor-element elementor-element-uzqhlnc\" data-id=\"uzqhlnc\" data-element_type=\"column\">\n\t\t\t<div class=\"elementor-column-wrap elementor-element-populated\">\n\t\t\t\t\t\t\t<div class=\"elementor-widget-wrap\">\n\t\t\t\t\t\t<section class=\"has_eae_slider elementor-section elementor-inner-section elementor-element elementor-element-sqrdxfb elementor-section-boxed elementor-section-height-default elementor-section-height-default\" data-id=\"sqrdxfb\" data-element_type=\"section\">\n\t\t\t\t\t\t<div class=\"elementor-container elementor-column-gap-default\">\n\t\t\t\t\t\t\t<div class=\"elementor-row\">\n\t\t\t\t\t<div class=\"has_eae_slider elementor-column elementor-col-66 elementor-inner-column elementor-element elementor-element-rbacvky\" data-id=\"rbacvky\" data-element_type=\"column\">\n\t\t\t<div class=\"elementor-column-wrap elementor-element-populated\">\n\t\t\t\t\t\t\t<div class=\"elementor-widget-wrap\">\n\t\t\t\t\t\t<div class=\"elementor-element elementor-element-lhekmlj elementor-tabs-view-horizontal elementor-widget elementor-widget-tabs\" data-id=\"lhekmlj\" data-element_type=\"widget\" data-widget_type=\"tabs.default\">\n\t\t\t\t<div class=\"elementor-widget-container\">\n\t\t\t\t\t<div class=\"elementor-tabs\">\n\t\t\t<div class=\"elementor-tabs-wrapper\" role=\"tablist\" >\n\t\t\t\t\t\t\t\t\t<div id=\"elementor-tab-title-141\" class=\"elementor-tab-title elementor-tab-desktop-title\" aria-selected=\"true\" data-tab=\"1\" role=\"tab\" tabindex=\"0\" aria-controls=\"elementor-tab-content-141\" aria-expanded=\"false\"><a href=\"\">PR\u00c9SENTATION<\/a><\/div>\n\t\t\t\t\t\t\t\t\t<div id=\"elementor-tab-title-142\" class=\"elementor-tab-title elementor-tab-desktop-title\" aria-selected=\"false\" data-tab=\"2\" role=\"tab\" tabindex=\"-1\" aria-controls=\"elementor-tab-content-142\" aria-expanded=\"false\"><a href=\"\">CONTENUS DE LA FORMATION<\/a><\/div>\n\t\t\t\t\t\t\t\t\t<div id=\"elementor-tab-title-143\" class=\"elementor-tab-title elementor-tab-desktop-title\" aria-selected=\"false\" data-tab=\"3\" role=\"tab\" tabindex=\"-1\" aria-controls=\"elementor-tab-content-143\" aria-expanded=\"false\"><a href=\"\">LES + DE LA FORMATION<\/a><\/div>\n\t\t\t\t\t\t\t\t\t<div id=\"elementor-tab-title-144\" class=\"elementor-tab-title elementor-tab-desktop-title\" aria-selected=\"false\" data-tab=\"4\" role=\"tab\" tabindex=\"-1\" aria-controls=\"elementor-tab-content-144\" aria-expanded=\"false\"><a href=\"\">CONDITIONS D'ADMISSION<\/a><\/div>\n\t\t\t\t\t\t\t\t\t<div id=\"elementor-tab-title-145\" class=\"elementor-tab-title elementor-tab-desktop-title\" aria-selected=\"false\" data-tab=\"5\" role=\"tab\" tabindex=\"-1\" aria-controls=\"elementor-tab-content-145\" aria-expanded=\"false\"><a href=\"\">CONDITIONS DE VALIDATION<\/a><\/div>\n\t\t\t\t\t\t\t<\/div>\n\t\t\t<div class=\"elementor-tabs-content-wrapper\" role=\"tablist\" aria-orientation=\"vertical\">\n\t\t\t\t\t\t\t\t\t<div class=\"elementor-tab-title elementor-tab-mobile-title\" aria-selected=\"true\" data-tab=\"1\" role=\"tab\" tabindex=\"0\" aria-controls=\"elementor-tab-content-141\" aria-expanded=\"false\">PR\u00c9SENTATION<\/div>\n\t\t\t\t\t<div id=\"elementor-tab-content-141\" class=\"elementor-tab-content elementor-clearfix\" data-tab=\"1\" role=\"tabpanel\" aria-labelledby=\"elementor-tab-title-141\" tabindex=\"0\" hidden=\"false\"><p><i>La licence de sciences humaines , sociales et gestion, mention: sciences de l&rsquo;\u00e9ducation est une formation de la <a href=\"http:\/\/www.uco.fr\/l-universite\/facultes-instituts\/faculte-d-education-41324.kjsp?RH=SITE1_RP1-RS4-FR\">facult\u00e9 d&rsquo;\u00e9ducation de l\u2019UCO (Universit\u00e9 Catholique de l\u2019Ouest)<\/a> d\u00e9localis\u00e9e \u00e0 l\u2019ISEPP.<\/i><\/p><p>L\u2019ISEPP propose plusieurs formation en Sciences de l\u2019Education de niveau licence et master. La licence s\u2019adresse aux \u00e9tudiants, aux enseignants et aux professionnels appartenant aux domaines de la sant\u00e9 et du travail social. <br \/>Cette formation permet d\u2019acqu\u00e9rir ou de renforcer le bagage th\u00e9orique et m\u00e9thodologique en vue d\u2019une meilleure appr\u00e9hension et compr\u00e9hension de la complexit\u00e9 des situations \u00e9ducatives ; elle permet \u00e9galement de commencer \u00e0 se pr\u00e9parer au concours de recrutement de professeurs des \u00e9coles.<\/p><\/div>\n\t\t\t\t\t\t\t\t\t<div class=\"elementor-tab-title elementor-tab-mobile-title\" aria-selected=\"false\" data-tab=\"2\" role=\"tab\" tabindex=\"-1\" aria-controls=\"elementor-tab-content-142\" aria-expanded=\"false\">CONTENUS DE LA FORMATION<\/div>\n\t\t\t\t\t<div id=\"elementor-tab-content-142\" class=\"elementor-tab-content elementor-clearfix\" data-tab=\"2\" role=\"tabpanel\" aria-labelledby=\"elementor-tab-title-142\" tabindex=\"0\" hidden=\"hidden\"><ul><li>Philosophie de l\u2019\u00e9ducation<\/li><li>Histoire de l\u2019\u00e9ducation<\/li><li>Sociologie de l\u2019\u00e9ducation<\/li><li>Psychologie et psychosociologie<\/li><li>Nouvelles technologies et \u00e9ducation<\/li><li>Approches interdisciplinaires des apprentissages<\/li><li>M\u00e9thodes de recherche<\/li><\/ul><\/div>\n\t\t\t\t\t\t\t\t\t<div class=\"elementor-tab-title elementor-tab-mobile-title\" aria-selected=\"false\" data-tab=\"3\" role=\"tab\" tabindex=\"-1\" aria-controls=\"elementor-tab-content-143\" aria-expanded=\"false\">LES + DE LA FORMATION<\/div>\n\t\t\t\t\t<div id=\"elementor-tab-content-143\" class=\"elementor-tab-content elementor-clearfix\" data-tab=\"3\" role=\"tabpanel\" aria-labelledby=\"elementor-tab-title-143\" tabindex=\"0\" hidden=\"hidden\"><p>\u2013 Un accompagnement p\u00e9dagogique personnalis\u00e9 et un suivi du projet professionnel de l\u2019\u00e9tudiant <br \/>\u2013 Chaque ann\u00e9e, un stage int\u00e9gr\u00e9 \u00e0 la formation qui participe au d\u00e9veloppement du projet professionnel [12 semaines sur l\u2019ensemble de la formation] <br \/>\u2013 Des enseignements th\u00e9oriques articul\u00e9s \u00e0 la pratique <br \/>\u2013 Un renforcement des acquis en fran\u00e7ais et en math\u00e9matiques ; une pr\u00e9paration aux concours dans le domaine socio-\u00e9ducatif ; une pr\u00e9paration au B2 en anglais <br \/>\u2013 Une coop\u00e9ration avec les professionnels des fili\u00e8res \u00e9ducative et sociale <br \/>\u2013 De nombreux partenariats avec des universit\u00e9s \u00e9trang\u00e8res pour les s\u00e9jours Erasmus <br \/>\u2013 Des parcours professionnalisants identifi\u00e9s professeur des \u00e9coles, m\u00e9tiers socio-\u00e9ducatifs et m\u00e9tiers de la petite enfance<\/p><\/div>\n\t\t\t\t\t\t\t\t\t<div class=\"elementor-tab-title elementor-tab-mobile-title\" aria-selected=\"false\" data-tab=\"4\" role=\"tab\" tabindex=\"-1\" aria-controls=\"elementor-tab-content-144\" aria-expanded=\"false\">CONDITIONS D'ADMISSION<\/div>\n\t\t\t\t\t<div id=\"elementor-tab-content-144\" class=\"elementor-tab-content elementor-clearfix\" data-tab=\"4\" role=\"tabpanel\" aria-labelledby=\"elementor-tab-title-144\" tabindex=\"0\" hidden=\"hidden\"><ul><li>L1 : inscription pour les titulaires du bacca\u00adlaur\u00e9at sur www.admission-postbac.fr<\/li><li>L2 : titulaire d\u2019une L1 Sciences humaines et sociales, ou sur <a href=\"https:\/\/www.isepp.pf\/wp-content\/uploads\/2020\/03\/Formulaire-VA-20_21-\u00e0-destination-des-\u00e9tudiants.pdf\">dossier avec validation<\/a><\/li><\/ul><\/div>\n\t\t\t\t\t\t\t\t\t<div class=\"elementor-tab-title elementor-tab-mobile-title\" aria-selected=\"false\" data-tab=\"5\" role=\"tab\" tabindex=\"-1\" aria-controls=\"elementor-tab-content-145\" aria-expanded=\"false\">CONDITIONS DE VALIDATION<\/div>\n\t\t\t\t\t<div id=\"elementor-tab-content-145\" class=\"elementor-tab-content elementor-clearfix\" data-tab=\"5\" role=\"tabpanel\" aria-labelledby=\"elementor-tab-title-145\" tabindex=\"0\" hidden=\"hidden\"><ul><li>L1 \/ L2 : contr\u00f4le continue<\/li><li>L3 : contr\u00f4le terminal<\/li><\/ul><\/div>\n\t\t\t\t\t\t\t<\/div>\n\t\t<\/div>\n\t\t\t\t<\/div>\n\t\t\t\t<\/div>\n\t\t\t\t\t\t<\/div>\n\t\t\t\t\t<\/div>\n\t\t<\/div>\n\t\t\t\t<div class=\"has_eae_slider elementor-column elementor-col-33 elementor-inner-column elementor-element elementor-element-xmjscjm\" data-id=\"xmjscjm\" data-element_type=\"column\">\n\t\t\t<div class=\"elementor-column-wrap elementor-element-populated\">\n\t\t\t\t\t\t\t<div class=\"elementor-widget-wrap\">\n\t\t\t\t\t\t<div class=\"elementor-element elementor-element-dtabvxx elementor-widget elementor-widget-image\" data-id=\"dtabvxx\" data-element_type=\"widget\" data-widget_type=\"image.default\">\n\t\t\t\t<div class=\"elementor-widget-container\">\n\t\t\t\t\t\t\t\t<div class=\"elementor-image\">\n\t\t\t\t\t\t\t\t\t\t\t\t<img width=\"1226\" height=\"986\" src=\"https:\/\/www.isepp.pf\/wp-content\/uploads\/2016\/12\/cropped-logo_UCO_Pacifique_V_Q-1.png\" class=\"attachment-full size-full\" alt=\"\" loading=\"lazy\" srcset=\"https:\/\/www.isepp.pf\/wp-content\/uploads\/2016\/12\/cropped-logo_UCO_Pacifique_V_Q-1.png 1226w, https:\/\/www.isepp.pf\/wp-content\/uploads\/2016\/12\/cropped-logo_UCO_Pacifique_V_Q-1-300x241.png 300w, https:\/\/www.isepp.pf\/wp-content\/uploads\/2016\/12\/cropped-logo_UCO_Pacifique_V_Q-1-768x618.png 768w, https:\/\/www.isepp.pf\/wp-content\/uploads\/2016\/12\/cropped-logo_UCO_Pacifique_V_Q-1-1024x824.png 1024w\" sizes=\"(max-width: 1226px) 100vw, 1226px\" \/>\t\t\t\t\t\t\t\t\t\t\t\t\t\t<\/div>\n\t\t\t\t\t\t<\/div>\n\t\t\t\t<\/div>\n\t\t\t\t<div class=\"elementor-element elementor-element-fljizsc elementor-widget elementor-widget-spacer\" data-id=\"fljizsc\" data-element_type=\"widget\" data-widget_type=\"spacer.default\">\n\t\t\t\t<div class=\"elementor-widget-container\">\n\t\t\t\t\t<div class=\"elementor-spacer\">\n\t\t\t<div class=\"elementor-spacer-inner\"><\/div>\n\t\t<\/div>\n\t\t\t\t<\/div>\n\t\t\t\t<\/div>\n\t\t\t\t<div class=\"elementor-element elementor-element-eutkupl elementor-widget elementor-widget-heading\" data-id=\"eutkupl\" data-element_type=\"widget\" data-widget_type=\"heading.default\">\n\t\t\t\t<div class=\"elementor-widget-container\">\n\t\t\t<h2 class=\"elementor-heading-title elementor-size-default\"><a href=\"https:\/\/adecampus.isepp.pf\/direct\/index.jsp\">PLANNINGS<\/a><\/h2>\t\t<\/div>\n\t\t\t\t<\/div>\n\t\t\t\t<div class=\"elementor-element elementor-element-mmiosle elementor-widget elementor-widget-text-editor\" data-id=\"mmiosle\" data-element_type=\"widget\" data-widget_type=\"text-editor.default\">\n\t\t\t\t<div class=\"elementor-widget-container\">\n\t\t\t\t\t\t\t\t<div class=\"elementor-text-editor elementor-clearfix\">\n\t\t\t\t<p><a href=\"http:\/\/omegaisp.dyndns.org:8080\/direct\/\" target=\"_blank\"><strong>\u00c9tudiants inscrits : consultez votre planning<\/strong><\/a><\/p>\t\t\t\t\t<\/div>\n\t\t\t\t\t\t<\/div>\n\t\t\t\t<\/div>\n\t\t\t\t<div class=\"elementor-element elementor-element-sdxylow elementor-widget elementor-widget-spacer\" data-id=\"sdxylow\" data-element_type=\"widget\" data-widget_type=\"spacer.default\">\n\t\t\t\t<div class=\"elementor-widget-container\">\n\t\t\t\t\t<div class=\"elementor-spacer\">\n\t\t\t<div class=\"elementor-spacer-inner\"><\/div>\n\t\t<\/div>\n\t\t\t\t<\/div>\n\t\t\t\t<\/div>\n\t\t\t\t<div class=\"elementor-element elementor-element-rlrkpmk elementor-widget elementor-widget-heading\" data-id=\"rlrkpmk\" data-element_type=\"widget\" data-widget_type=\"heading.default\">\n\t\t\t\t<div class=\"elementor-widget-container\">\n\t\t\t<h2 class=\"elementor-heading-title elementor-size-default\">RESPONSABLE<\/h2>\t\t<\/div>\n\t\t\t\t<\/div>\n\t\t\t\t<div class=\"elementor-element elementor-element-ufeurgi elementor-position-right elementor-vertical-align-middle elementor-widget elementor-widget-image-box\" data-id=\"ufeurgi\" data-element_type=\"widget\" data-widget_type=\"image-box.default\">\n\t\t\t\t<div class=\"elementor-widget-container\">\n\t\t\t<div class=\"elementor-image-box-wrapper\"><figure class=\"elementor-image-box-img\"><img width=\"170\" height=\"86\" src=\"https:\/\/www.isepp.pf\/wp-content\/uploads\/2016\/11\/logo.png\" class=\"attachment-full size-full\" alt=\"\" loading=\"lazy\" \/><\/figure><div class=\"elementor-image-box-content\"><h5 class=\"elementor-image-box-title\">B\u00e9n\u00e9dicte FERRAGUT-KERNINON<\/h5><p class=\"elementor-image-box-description\">education@isepp.pf<\/p><\/div><\/div>\t\t<\/div>\n\t\t\t\t<\/div>\n\t\t\t\t\t\t<\/div>\n\t\t\t\t\t<\/div>\n\t\t<\/div>\n\t\t\t\t\t\t\t\t<\/div>\n\t\t\t\t\t<\/div>\n\t\t<\/section>\n\t\t\t\t\t\t<\/div>\n\t\t\t\t\t<\/div>\n\t\t<\/div>\n\t\t\t\t\t\t\t\t<\/div>\n\t\t\t\t\t<\/div>\n\t\t<\/section>\n\t\t\t\t\t\t<\/div>\n\t\t\t\t\t\t<\/div>\n\t\t\t\t\t<\/div>\n\t\t","protected":false},"excerpt":{"rendered":"<p>PR\u00c9SENTATION CONTENUS DE LA FORMATION LES + DE LA FORMATION CONDITIONS D&rsquo;ADMISSION CONDITIONS DE VALIDATION PR\u00c9SENTATION La licence de sciences humaines , sociales et gestion, mention: sciences de l\u2019\u00e9ducation est une formation de la facult\u00e9 d\u2019\u00e9ducation de l\u2019UCO (Universit\u00e9 Catholique de l\u2019Ouest) d\u00e9localis\u00e9e \u00e0 l\u2019ISEPP. L\u2019ISEPP propose plusieurs formation en Sciences de l\u2019Education de niveau [&hellip;]<\/p>\n","protected":false},"author":1,"featured_media":187,"parent":47,"menu_order":3,"comment_status":"closed","ping_status":"closed","template":"","meta":{"ngg_post_thumbnail":0},"yoast_head":"<!-- This site is optimized with the Yoast SEO plugin v17.1 - https:\/\/yoast.com\/wordpress\/plugins\/seo\/ -->\n<title>LICENCE Sciences de l&#039;Education - ISEPP.pf<\/title>\n<meta name=\"robots\" content=\"index, follow, max-snippet:-1, max-image-preview:large, max-video-preview:-1\" \/>\n<link rel=\"canonical\" href=\"https:\/\/www.isepp.pf\/index.php\/les-formations\/licence-sciences-humaines-sociales-et-gestion-mention-sciences-de-leducation\/\" \/>\n<meta property=\"og:locale\" content=\"fr_FR\" \/>\n<meta property=\"og:type\" content=\"article\" \/>\n<meta property=\"og:title\" content=\"LICENCE Sciences de l&#039;Education - ISEPP.pf\" \/>\n<meta property=\"og:description\" content=\"PR\u00c9SENTATION CONTENUS DE LA FORMATION LES + DE LA FORMATION CONDITIONS D&rsquo;ADMISSION CONDITIONS DE VALIDATION PR\u00c9SENTATION La licence de sciences humaines , sociales et gestion, mention: sciences de l\u2019\u00e9ducation est une formation de la facult\u00e9 d\u2019\u00e9ducation de l\u2019UCO (Universit\u00e9 Catholique de l\u2019Ouest) d\u00e9localis\u00e9e \u00e0 l\u2019ISEPP. L\u2019ISEPP propose plusieurs formation en Sciences de l\u2019Education de niveau [&hellip;]\" \/>\n<meta property=\"og:url\" content=\"https:\/\/www.isepp.pf\/index.php\/les-formations\/licence-sciences-humaines-sociales-et-gestion-mention-sciences-de-leducation\/\" \/>\n<meta property=\"og:site_name\" content=\"ISEPP.pf\" \/>\n<meta property=\"article:publisher\" content=\"https:\/\/fr-fr.facebook.com\/ISEPP-UCO-Pacifique-886593534792027\/?ref=page_internal\" \/>\n<meta property=\"article:modified_time\" content=\"2020-03-03T22:40:35+00:00\" \/>\n<meta property=\"og:image\" content=\"https:\/\/www.isepp.pf\/wp-content\/uploads\/2016\/12\/logo_UCO_Pacifique_V_Q.png\" \/>\n\t<meta property=\"og:image:width\" content=\"1226\" \/>\n\t<meta property=\"og:image:height\" content=\"1154\" \/>\n<meta name=\"twitter:card\" content=\"summary\" \/>\n<meta name=\"twitter:label1\" content=\"Dur\u00e9e de lecture est.\" \/>\n\t<meta name=\"twitter:data1\" content=\"2 minutes\" \/>\n<script type=\"application\/ld+json\" class=\"yoast-schema-graph\">{\"@context\":\"https:\/\/schema.org\",\"@graph\":[{\"@type\":\"WebSite\",\"@id\":\"https:\/\/www.isepp.pf\/#website\",\"url\":\"https:\/\/www.isepp.pf\/\",\"name\":\"ISEPP.pf\",\"description\":\"\",\"potentialAction\":[{\"@type\":\"SearchAction\",\"target\":{\"@type\":\"EntryPoint\",\"urlTemplate\":\"https:\/\/www.isepp.pf\/?s={search_term_string}\"},\"query-input\":\"required name=search_term_string\"}],\"inLanguage\":\"fr-FR\"},{\"@type\":\"ImageObject\",\"@id\":\"https:\/\/www.isepp.pf\/index.php\/les-formations\/licence-sciences-humaines-sociales-et-gestion-mention-sciences-de-leducation\/#primaryimage\",\"inLanguage\":\"fr-FR\",\"url\":\"https:\/\/www.isepp.pf\/wp-content\/uploads\/2016\/12\/logo_UCO_Pacifique_V_Q.png\",\"contentUrl\":\"https:\/\/www.isepp.pf\/wp-content\/uploads\/2016\/12\/logo_UCO_Pacifique_V_Q.png\",\"width\":1226,\"height\":1154},{\"@type\":\"WebPage\",\"@id\":\"https:\/\/www.isepp.pf\/index.php\/les-formations\/licence-sciences-humaines-sociales-et-gestion-mention-sciences-de-leducation\/#webpage\",\"url\":\"https:\/\/www.isepp.pf\/index.php\/les-formations\/licence-sciences-humaines-sociales-et-gestion-mention-sciences-de-leducation\/\",\"name\":\"LICENCE Sciences de l'Education - ISEPP.pf\",\"isPartOf\":{\"@id\":\"https:\/\/www.isepp.pf\/#website\"},\"primaryImageOfPage\":{\"@id\":\"https:\/\/www.isepp.pf\/index.php\/les-formations\/licence-sciences-humaines-sociales-et-gestion-mention-sciences-de-leducation\/#primaryimage\"},\"datePublished\":\"2017-01-10T19:31:40+00:00\",\"dateModified\":\"2020-03-03T22:40:35+00:00\",\"breadcrumb\":{\"@id\":\"https:\/\/www.isepp.pf\/index.php\/les-formations\/licence-sciences-humaines-sociales-et-gestion-mention-sciences-de-leducation\/#breadcrumb\"},\"inLanguage\":\"fr-FR\",\"potentialAction\":[{\"@type\":\"ReadAction\",\"target\":[\"https:\/\/www.isepp.pf\/index.php\/les-formations\/licence-sciences-humaines-sociales-et-gestion-mention-sciences-de-leducation\/\"]}]},{\"@type\":\"BreadcrumbList\",\"@id\":\"https:\/\/www.isepp.pf\/index.php\/les-formations\/licence-sciences-humaines-sociales-et-gestion-mention-sciences-de-leducation\/#breadcrumb\",\"itemListElement\":[{\"@type\":\"ListItem\",\"position\":1,\"name\":\"Accueil\",\"item\":\"https:\/\/www.isepp.pf\/\"},{\"@type\":\"ListItem\",\"position\":2,\"name\":\"LES FORMATIONS\",\"item\":\"https:\/\/www.isepp.pf\/index.php\/les-formations\/\"},{\"@type\":\"ListItem\",\"position\":3,\"name\":\"LICENCE Sciences de l&rsquo;Education\"}]}]}<\/script>\n<!-- \/ Yoast SEO plugin. -->","yoast_head_json":{"title":"LICENCE Sciences de l'Education - ISEPP.pf","robots":{"index":"index","follow":"follow","max-snippet":"max-snippet:-1","max-image-preview":"max-image-preview:large","max-video-preview":"max-video-preview:-1"},"canonical":"https:\/\/www.isepp.pf\/index.php\/les-formations\/licence-sciences-humaines-sociales-et-gestion-mention-sciences-de-leducation\/","og_locale":"fr_FR","og_type":"article","og_title":"LICENCE Sciences de l'Education - ISEPP.pf","og_description":"PR\u00c9SENTATION CONTENUS DE LA FORMATION LES + DE LA FORMATION CONDITIONS D&rsquo;ADMISSION CONDITIONS DE VALIDATION PR\u00c9SENTATION La licence de sciences humaines , sociales et gestion, mention: sciences de l\u2019\u00e9ducation est une formation de la facult\u00e9 d\u2019\u00e9ducation de l\u2019UCO (Universit\u00e9 Catholique de l\u2019Ouest) d\u00e9localis\u00e9e \u00e0 l\u2019ISEPP. L\u2019ISEPP propose plusieurs formation en Sciences de l\u2019Education de niveau [&hellip;]","og_url":"https:\/\/www.isepp.pf\/index.php\/les-formations\/licence-sciences-humaines-sociales-et-gestion-mention-sciences-de-leducation\/","og_site_name":"ISEPP.pf","article_publisher":"https:\/\/fr-fr.facebook.com\/ISEPP-UCO-Pacifique-886593534792027\/?ref=page_internal","article_modified_time":"2020-03-03T22:40:35+00:00","og_image":[{"width":1226,"height":1154,"url":"https:\/\/www.isepp.pf\/wp-content\/uploads\/2016\/12\/logo_UCO_Pacifique_V_Q.png","path":"\/var\/www\/html\/wp-content\/uploads\/2016\/12\/logo_UCO_Pacifique_V_Q.png","size":"full","id":187,"alt":"","pixels":1414804,"type":"image\/png"}],"twitter_card":"summary","twitter_misc":{"Dur\u00e9e de lecture est.":"2 minutes"},"schema":{"@context":"https:\/\/schema.org","@graph":[{"@type":"WebSite","@id":"https:\/\/www.isepp.pf\/#website","url":"https:\/\/www.isepp.pf\/","name":"ISEPP.pf","description":"","potentialAction":[{"@type":"SearchAction","target":{"@type":"EntryPoint","urlTemplate":"https:\/\/www.isepp.pf\/?s={search_term_string}"},"query-input":"required name=search_term_string"}],"inLanguage":"fr-FR"},{"@type":"ImageObject","@id":"https:\/\/www.isepp.pf\/index.php\/les-formations\/licence-sciences-humaines-sociales-et-gestion-mention-sciences-de-leducation\/#primaryimage","inLanguage":"fr-FR","url":"https:\/\/www.isepp.pf\/wp-content\/uploads\/2016\/12\/logo_UCO_Pacifique_V_Q.png","contentUrl":"https:\/\/www.isepp.pf\/wp-content\/uploads\/2016\/12\/logo_UCO_Pacifique_V_Q.png","width":1226,"height":1154},{"@type":"WebPage","@id":"https:\/\/www.isepp.pf\/index.php\/les-formations\/licence-sciences-humaines-sociales-et-gestion-mention-sciences-de-leducation\/#webpage","url":"https:\/\/www.isepp.pf\/index.php\/les-formations\/licence-sciences-humaines-sociales-et-gestion-mention-sciences-de-leducation\/","name":"LICENCE Sciences de l'Education - ISEPP.pf","isPartOf":{"@id":"https:\/\/www.isepp.pf\/#website"},"primaryImageOfPage":{"@id":"https:\/\/www.isepp.pf\/index.php\/les-formations\/licence-sciences-humaines-sociales-et-gestion-mention-sciences-de-leducation\/#primaryimage"},"datePublished":"2017-01-10T19:31:40+00:00","dateModified":"2020-03-03T22:40:35+00:00","breadcrumb":{"@id":"https:\/\/www.isepp.pf\/index.php\/les-formations\/licence-sciences-humaines-sociales-et-gestion-mention-sciences-de-leducation\/#breadcrumb"},"inLanguage":"fr-FR","potentialAction":[{"@type":"ReadAction","target":["https:\/\/www.isepp.pf\/index.php\/les-formations\/licence-sciences-humaines-sociales-et-gestion-mention-sciences-de-leducation\/"]}]},{"@type":"BreadcrumbList","@id":"https:\/\/www.isepp.pf\/index.php\/les-formations\/licence-sciences-humaines-sociales-et-gestion-mention-sciences-de-leducation\/#breadcrumb","itemListElement":[{"@type":"ListItem","position":1,"name":"Accueil","item":"https:\/\/www.isepp.pf\/"},{"@type":"ListItem","position":2,"name":"LES FORMATIONS","item":"https:\/\/www.isepp.pf\/index.php\/les-formations\/"},{"@type":"ListItem","position":3,"name":"LICENCE Sciences de l&rsquo;Education"}]}]}},"_links":{"self":[{"href":"https:\/\/www.isepp.pf\/index.php\/wp-json\/wp\/v2\/pages\/225"}],"collection":[{"href":"https:\/\/www.isepp.pf\/index.php\/wp-json\/wp\/v2\/pages"}],"about":[{"href":"https:\/\/www.isepp.pf\/index.php\/wp-json\/wp\/v2\/types\/page"}],"author":[{"embeddable":true,"href":"https:\/\/www.isepp.pf\/index.php\/wp-json\/wp\/v2\/users\/1"}],"replies":[{"embeddable":true,"href":"https:\/\/www.isepp.pf\/index.php\/wp-json\/wp\/v2\/comments?post=225"}],"version-history":[{"count":11,"href":"https:\/\/www.isepp.pf\/index.php\/wp-json\/wp\/v2\/pages\/225\/revisions"}],"predecessor-version":[{"id":858,"href":"https:\/\/www.isepp.pf\/index.php\/wp-json\/wp\/v2\/pages\/225\/revisions\/858"}],"up":[{"embeddable":true,"href":"https:\/\/www.isepp.pf\/index.php\/wp-json\/wp\/v2\/pages\/47"}],"wp:featuredmedia":[{"embeddable":true,"href":"https:\/\/www.isepp.pf\/index.php\/wp-json\/wp\/v2\/media\/187"}],"wp:attachment":[{"href":"https:\/\/www.isepp.pf\/index.php\/wp-json\/wp\/v2\/media?parent=225"}],"curies":[{"name":"wp","href":"https:\/\/api.w.org\/{rel}","templated":true}]}}