{"id":24,"date":"2016-11-29T01:13:45","date_gmt":"2016-11-29T11:13:45","guid":{"rendered":"http:\/\/192.168.71.104\/?page_id=24"},"modified":"2025-05-12T14:20:21","modified_gmt":"2025-05-13T00:20:21","slug":"lequipe","status":"publish","type":"page","link":"https:\/\/www.isepp.pf\/index.php\/lisepp\/lequipe\/","title":{"rendered":"L&rsquo;\u00e9quipe"},"content":{"rendered":"\t\t<div data-elementor-type=\"wp-post\" data-elementor-id=\"24\" class=\"elementor elementor-24\" data-elementor-settings=\"[]\">\n\t\t\t\t\t\t<div class=\"elementor-inner\">\n\t\t\t\t\t\t\t<div class=\"elementor-section-wrap\">\n\t\t\t\t\t\t\t<section class=\"has_eae_slider elementor-section elementor-top-section elementor-element elementor-element-nx0mii6 elementor-section-boxed elementor-section-height-default elementor-section-height-default\" data-id=\"nx0mii6\" data-element_type=\"section\">\n\t\t\t\t\t\t<div class=\"elementor-container elementor-column-gap-default\">\n\t\t\t\t\t\t\t<div class=\"elementor-row\">\n\t\t\t\t\t<div class=\"has_eae_slider elementor-column elementor-col-100 elementor-top-column elementor-element elementor-element-dffpyw0\" data-id=\"dffpyw0\" data-element_type=\"column\">\n\t\t\t<div class=\"elementor-column-wrap elementor-element-populated\">\n\t\t\t\t\t\t\t<div class=\"elementor-widget-wrap\">\n\t\t\t\t\t\t<div class=\"elementor-element elementor-element-l15a42s elementor-tabs-view-horizontal elementor-widget elementor-widget-tabs\" data-id=\"l15a42s\" data-element_type=\"widget\" data-widget_type=\"tabs.default\">\n\t\t\t\t<div class=\"elementor-widget-container\">\n\t\t\t\t\t<div class=\"elementor-tabs\">\n\t\t\t<div class=\"elementor-tabs-wrapper\" role=\"tablist\" >\n\t\t\t\t\t\t\t\t\t<div id=\"elementor-tab-title-8861\" class=\"elementor-tab-title elementor-tab-desktop-title\" aria-selected=\"true\" data-tab=\"1\" role=\"tab\" tabindex=\"0\" aria-controls=\"elementor-tab-content-8861\" aria-expanded=\"false\"><a href=\"\">EQUIPE PEDAGOGIQUE<\/a><\/div>\n\t\t\t\t\t\t\t\t\t<div id=\"elementor-tab-title-8862\" class=\"elementor-tab-title elementor-tab-desktop-title\" aria-selected=\"false\" data-tab=\"2\" role=\"tab\" tabindex=\"-1\" aria-controls=\"elementor-tab-content-8862\" aria-expanded=\"false\"><a href=\"\">EQUIPE ADMINISTRATIVE<\/a><\/div>\n\t\t\t\t\t\t\t<\/div>\n\t\t\t<div class=\"elementor-tabs-content-wrapper\" role=\"tablist\" aria-orientation=\"vertical\">\n\t\t\t\t\t\t\t\t\t<div class=\"elementor-tab-title elementor-tab-mobile-title\" aria-selected=\"true\" data-tab=\"1\" role=\"tab\" tabindex=\"0\" aria-controls=\"elementor-tab-content-8861\" aria-expanded=\"false\">EQUIPE PEDAGOGIQUE<\/div>\n\t\t\t\t\t<div id=\"elementor-tab-content-8861\" class=\"elementor-tab-content elementor-clearfix\" data-tab=\"1\" role=\"tabpanel\" aria-labelledby=\"elementor-tab-title-8861\" tabindex=\"0\" hidden=\"false\"><ul><li>M. Guillaume MARIANI: Directeur,\u00a0 responsable du Master Sciences de l&rsquo;\u00e9ducation<\/li><li>M. Cl\u00e9ment BOINOT responsable de la licence Sciences et Techniques des Activit\u00e9s Physiques et Sportives<\/li><li>Mme Marion RAPIN responsable de la licence Information-Communication et Psychologie<\/li><li>Mme B\u00e9n\u00e9dicte FERRAGUT-KERNINON, responsable de la licence Sciences de l\u2019\u00e9ducation<\/li><li><a href=\"http:\/\/cecmc.ehess.fr\/index.php?2446\">Mme Aur\u00e9lie POISSON Licence Sciences Humaines et Sociales mention sciences sociales<\/a>\u00a0et de la\u00a0 licence\u00a0<span style=\"font-family: Roboto, sans-serif; font-size: 12px; font-style: normal; font-variant-ligatures: normal; font-variant-caps: normal; font-weight: 400;\">Information-Communication\u00a0<\/span>\u00a0<\/li><li>Madame B\u00e9n\u00e9dicte FERRAGUT-KERNINON\u00a0responsable du Master 1 Sciences de l&rsquo;\u00e9ducation<\/li><li>Mme Johanna DELALEU responsable de la formation du travail social et du DU pr\u00e9paration au concours et aux m\u00e9tiers de la gendarmerie<\/li><\/ul><\/div>\n\t\t\t\t\t\t\t\t\t<div class=\"elementor-tab-title elementor-tab-mobile-title\" aria-selected=\"false\" data-tab=\"2\" role=\"tab\" tabindex=\"-1\" aria-controls=\"elementor-tab-content-8862\" aria-expanded=\"false\">EQUIPE ADMINISTRATIVE<\/div>\n\t\t\t\t\t<div id=\"elementor-tab-content-8862\" class=\"elementor-tab-content elementor-clearfix\" data-tab=\"2\" role=\"tabpanel\" aria-labelledby=\"elementor-tab-title-8862\" tabindex=\"0\" hidden=\"hidden\"><ul><li>M. Arama Carlson secr\u00e9taire-comptable<\/li><li>M. Andr\u00e9 Chuong, responsable technique<\/li><li>M. Tamuera Haoatai, agent comptable<\/li><li>Mme Ang\u00e8le Siao, responsable de la Biblioth\u00e8que Universitaire<\/li><li>Mme Cindy Vongue, responsable des inscriptions, de l\u2019organisation des examens et des transferts de dossiers<\/li><\/ul><div class=\"elementor-widget elementor-element elementor-element-zqmco8t elementor-widget-heading\" data-element_type=\"heading.default\"><div class=\"elementor-widget-container\"><h2 class=\"elementor-heading-title elementor-size-default\">Faites connaissances&#8230;<\/h2><\/div><\/div><section class=\"elementor-section elementor-element elementor-element-1l61glm elementor-inner-section elementor-section-boxed elementor-section-height-default elementor-section-height-default\" data-element_type=\"section\"><div class=\"elementor-container elementor-column-gap-default\"><div class=\"elementor-row\"><div class=\"elementor-column elementor-element elementor-element-qjvflrh elementor-col-25 elementor-inner-column\" data-element_type=\"column\"><div class=\"elementor-column-wrap elementor-element-populated\"><div class=\"elementor-widget-wrap\"><div class=\"elementor-widget elementor-element elementor-element-7ome7um elementor-widget-image-box elementor-position-top elementor-vertical-align-top\" data-element_type=\"image-box.default\"><div class=\"elementor-widget-container\"><div class=\"elementor-image-box-wrapper\"><img style=\"font-size: 12px; color: var( --e-global-color-text );\" title=\"andre_chuong_001\" src=\"https:\/\/www.isepp.pf\/wp-content\/uploads\/2017\/01\/Andre_CHUONG_001.jpg\" alt=\"andre_chuong_001\" \/><\/div><div class=\"elementor-image-box-wrapper\"><div class=\"elementor-image-box-content\"><h4 class=\"elementor-image-box-title\">Andr\u00e9 CHUONG<\/h4><p class=\"elementor-image-box-description\">Responsable technique<\/p><\/div><\/div><\/div><\/div><\/div><\/div><\/div><div class=\"elementor-column elementor-element elementor-element-nm7nx97 elementor-col-25 elementor-inner-column\" data-element_type=\"column\"><div class=\"elementor-column-wrap elementor-element-populated\"><div class=\"elementor-widget-wrap\"><div class=\"elementor-widget elementor-element elementor-element-u6g2erp elementor-widget-image-box elementor-position-top elementor-vertical-align-top\" data-element_type=\"image-box.default\"><div class=\"elementor-widget-container\"><div class=\"elementor-image-box-wrapper\"><figure class=\"elementor-image-box-img\"><img title=\"tamuera_haoatai_001\" src=\"https:\/\/www.isepp.pf\/wp-content\/uploads\/2017\/01\/Tamuera_HAOATAI_001.jpg\" alt=\"tamuera_haoatai_001\" \/><\/figure><div class=\"elementor-image-box-content\"><h4 class=\"elementor-image-box-title\">Tamuera HAOATAI<\/h4><p class=\"elementor-image-box-description\">Agent comptable<\/p><\/div><\/div><\/div><\/div><\/div><\/div><\/div><div class=\"elementor-column elementor-element elementor-element-lzoo7x2 elementor-col-25 elementor-inner-column\" data-element_type=\"column\"><div class=\"elementor-column-wrap elementor-element-populated\"><div class=\"elementor-widget-wrap\"><div class=\"elementor-widget elementor-element elementor-element-4dv2g78 elementor-widget-image-box elementor-position-top elementor-vertical-align-top\" data-element_type=\"image-box.default\"><div class=\"elementor-widget-container\"><div class=\"elementor-image-box-wrapper\"><figure class=\"elementor-image-box-img\"><img loading=\"lazy\" class=\"alignnone wp-image-1185\" src=\"https:\/\/www.isepp.pf\/wp-content\/uploads\/2021\/04\/ARAMA-200x300.jpg\" alt=\"\" width=\"102\" height=\"153\" srcset=\"https:\/\/www.isepp.pf\/wp-content\/uploads\/2021\/04\/ARAMA-200x300.jpg 200w, https:\/\/www.isepp.pf\/wp-content\/uploads\/2021\/04\/ARAMA.jpg 338w\" sizes=\"(max-width: 102px) 100vw, 102px\" \/><\/figure><div class=\"elementor-image-box-content\"><h3 class=\"elementor-image-box-title\">Arama CARLSON<\/h3><p class=\"elementor-image-box-description\">Secr\u00e9taire du Campus<\/p><\/div><\/div><\/div><\/div><\/div><\/div><\/div><div class=\"elementor-column elementor-element elementor-element-7xfhlz4 elementor-col-25 elementor-inner-column\" data-element_type=\"column\"><div class=\"elementor-column-wrap elementor-element-populated\"><div class=\"elementor-widget-wrap\"><div class=\"elementor-widget elementor-element elementor-element-vsepfrt elementor-widget-image-box elementor-position-top elementor-vertical-align-top\" data-element_type=\"image-box.default\"><div class=\"elementor-widget-container\"><div class=\"elementor-image-box-wrapper\"><figure class=\"elementor-image-box-img\"><img title=\"angele_siao_001\" src=\"https:\/\/www.isepp.pf\/wp-content\/uploads\/2017\/01\/Angele_SIAO_001.jpg\" alt=\"angele_siao_001\" \/><\/figure><div class=\"elementor-image-box-content\"><h3 class=\"elementor-image-box-title\">Ang\u00e8le SIAO<\/h3><p class=\"elementor-image-box-description\">Documentaliste<\/p><\/div><\/div><\/div><\/div><\/div><\/div><\/div><\/div><\/div><\/section><section class=\"elementor-section elementor-element elementor-element-svlx365 elementor-inner-section elementor-section-boxed elementor-section-height-default elementor-section-height-default\" data-element_type=\"section\"><div class=\"elementor-container elementor-column-gap-default\"><div class=\"elementor-row\"><div class=\"elementor-column elementor-element elementor-element-1yskb27 elementor-col-25 elementor-inner-column\" data-element_type=\"column\"><div class=\"elementor-column-wrap elementor-element-populated\"><div class=\"elementor-widget-wrap\"><div class=\"elementor-widget elementor-element elementor-element-66ptwyu elementor-widget-image-box elementor-position-top elementor-vertical-align-top\" data-element_type=\"image-box.default\"><div class=\"elementor-widget-container\"><div class=\"elementor-image-box-wrapper\"><div class=\"elementor-image-box-content\"><h3 class=\"elementor-image-box-title\" style=\"font-variant-ligatures: normal; font-variant-caps: normal; font-family: Roboto, sans-serif; font-style: normal; font-weight: var( --e-global-typography-primary-font-weight );\"><img style=\"font-variant-ligatures: normal; font-variant-caps: normal; font-family: Roboto, sans-serif; font-size: 12px; font-style: normal; font-weight: 400; color: var( --e-global-color-text );\" title=\"cindy_vongue_001\" src=\"https:\/\/www.isepp.pf\/wp-content\/uploads\/2017\/01\/Cindy_VONGUE_001.jpg\" alt=\"cindy_vongue_001\" \/><\/h3><h3 class=\"elementor-image-box-title\">\u00a0Cindy VONGUE<\/h3><div><span style=\"color: var( --e-global-color-text ); font-family: var( --e-global-typography-text-font-family ), Sans-serif; font-size: 12px; font-weight: var( --e-global-typography-text-font-weight );\">Secr\u00e9taire de dir<\/span><span style=\"color: var( --e-global-color-text ); font-family: var( --e-global-typography-text-font-family ), Sans-serif; font-size: 12px; font-weight: var( --e-global-typography-text-font-weight );\">ection<\/span><\/div><\/div><\/div><\/div><\/div><\/div><\/div><\/div><div>\u00a0<\/div><\/div><div><div class=\"elementor-column elementor-element elementor-element-8hpedsj elementor-col-25 elementor-inner-column\" data-element_type=\"column\">\u00a0<\/div><div>\u00a0<\/div><\/div><div><div class=\"elementor-column elementor-element elementor-element-3wpqstm elementor-col-25 elementor-inner-column\" data-element_type=\"column\">\u00a0<\/div><\/div><\/div><\/section><\/div>\n\t\t\t\t\t\t\t<\/div>\n\t\t<\/div>\n\t\t\t\t<\/div>\n\t\t\t\t<\/div>\n\t\t\t\t\t\t<\/div>\n\t\t\t\t\t<\/div>\n\t\t<\/div>\n\t\t\t\t\t\t\t\t<\/div>\n\t\t\t\t\t<\/div>\n\t\t<\/section>\n\t\t\t\t\t\t<\/div>\n\t\t\t\t\t\t<\/div>\n\t\t\t\t\t<\/div>\n\t\t","protected":false},"excerpt":{"rendered":"<p>EQUIPE PEDAGOGIQUE EQUIPE ADMINISTRATIVE EQUIPE PEDAGOGIQUE M. Guillaume MARIANI: Directeur,\u00a0 responsable du Master Sciences de l&rsquo;\u00e9ducation M. Cl\u00e9ment BOINOT responsable de la licence Sciences et Techniques des Activit\u00e9s Physiques et Sportives Mme Marion RAPIN responsable de la licence Information-Communication et Psychologie Mme B\u00e9n\u00e9dicte FERRAGUT-KERNINON, responsable de la licence Sciences de l\u2019\u00e9ducation Mme Aur\u00e9lie POISSON Licence [&hellip;]<\/p>\n","protected":false},"author":1,"featured_media":0,"parent":57,"menu_order":6,"comment_status":"closed","ping_status":"closed","template":"","meta":{"ngg_post_thumbnail":0},"yoast_head":"<!-- This site is optimized with the Yoast SEO plugin v17.1 - https:\/\/yoast.com\/wordpress\/plugins\/seo\/ -->\n<title>L&#039;\u00e9quipe - ISEPP.pf<\/title>\n<meta name=\"robots\" content=\"index, follow, max-snippet:-1, max-image-preview:large, max-video-preview:-1\" \/>\n<link rel=\"canonical\" href=\"https:\/\/www.isepp.pf\/index.php\/lisepp\/lequipe\/\" \/>\n<meta property=\"og:locale\" content=\"fr_FR\" \/>\n<meta property=\"og:type\" content=\"article\" \/>\n<meta property=\"og:title\" content=\"L&#039;\u00e9quipe - ISEPP.pf\" \/>\n<meta property=\"og:description\" content=\"EQUIPE PEDAGOGIQUE EQUIPE ADMINISTRATIVE EQUIPE PEDAGOGIQUE M. Guillaume MARIANI: Directeur,\u00a0 responsable du Master Sciences de l&rsquo;\u00e9ducation M. Cl\u00e9ment BOINOT responsable de la licence Sciences et Techniques des Activit\u00e9s Physiques et Sportives Mme Marion RAPIN responsable de la licence Information-Communication et Psychologie Mme B\u00e9n\u00e9dicte FERRAGUT-KERNINON, responsable de la licence Sciences de l\u2019\u00e9ducation Mme Aur\u00e9lie POISSON Licence [&hellip;]\" \/>\n<meta property=\"og:url\" content=\"https:\/\/www.isepp.pf\/index.php\/lisepp\/lequipe\/\" \/>\n<meta property=\"og:site_name\" content=\"ISEPP.pf\" \/>\n<meta property=\"article:publisher\" content=\"https:\/\/fr-fr.facebook.com\/ISEPP-UCO-Pacifique-886593534792027\/?ref=page_internal\" \/>\n<meta property=\"article:modified_time\" content=\"2025-05-13T00:20:21+00:00\" \/>\n<meta property=\"og:image\" content=\"https:\/\/www.isepp.pf\/wp-content\/uploads\/2017\/01\/Andre_CHUONG_001.jpg\" \/>\n<meta name=\"twitter:card\" content=\"summary\" \/>\n<meta name=\"twitter:label1\" content=\"Dur\u00e9e de lecture est.\" \/>\n\t<meta name=\"twitter:data1\" content=\"3 minutes\" \/>\n<script type=\"application\/ld+json\" class=\"yoast-schema-graph\">{\"@context\":\"https:\/\/schema.org\",\"@graph\":[{\"@type\":\"WebSite\",\"@id\":\"https:\/\/www.isepp.pf\/#website\",\"url\":\"https:\/\/www.isepp.pf\/\",\"name\":\"ISEPP.pf\",\"description\":\"\",\"potentialAction\":[{\"@type\":\"SearchAction\",\"target\":{\"@type\":\"EntryPoint\",\"urlTemplate\":\"https:\/\/www.isepp.pf\/?s={search_term_string}\"},\"query-input\":\"required name=search_term_string\"}],\"inLanguage\":\"fr-FR\"},{\"@type\":\"ImageObject\",\"@id\":\"https:\/\/www.isepp.pf\/index.php\/lisepp\/lequipe\/#primaryimage\",\"inLanguage\":\"fr-FR\",\"url\":\"https:\/\/www.isepp.pf\/wp-content\/uploads\/2017\/01\/Andre_CHUONG_001.jpg\",\"contentUrl\":\"https:\/\/www.isepp.pf\/wp-content\/uploads\/2017\/01\/Andre_CHUONG_001.jpg\",\"width\":116,\"height\":150},{\"@type\":\"WebPage\",\"@id\":\"https:\/\/www.isepp.pf\/index.php\/lisepp\/lequipe\/#webpage\",\"url\":\"https:\/\/www.isepp.pf\/index.php\/lisepp\/lequipe\/\",\"name\":\"L'\\u00e9quipe - ISEPP.pf\",\"isPartOf\":{\"@id\":\"https:\/\/www.isepp.pf\/#website\"},\"primaryImageOfPage\":{\"@id\":\"https:\/\/www.isepp.pf\/index.php\/lisepp\/lequipe\/#primaryimage\"},\"datePublished\":\"2016-11-29T11:13:45+00:00\",\"dateModified\":\"2025-05-13T00:20:21+00:00\",\"breadcrumb\":{\"@id\":\"https:\/\/www.isepp.pf\/index.php\/lisepp\/lequipe\/#breadcrumb\"},\"inLanguage\":\"fr-FR\",\"potentialAction\":[{\"@type\":\"ReadAction\",\"target\":[\"https:\/\/www.isepp.pf\/index.php\/lisepp\/lequipe\/\"]}]},{\"@type\":\"BreadcrumbList\",\"@id\":\"https:\/\/www.isepp.pf\/index.php\/lisepp\/lequipe\/#breadcrumb\",\"itemListElement\":[{\"@type\":\"ListItem\",\"position\":1,\"name\":\"Accueil\",\"item\":\"https:\/\/www.isepp.pf\/\"},{\"@type\":\"ListItem\",\"position\":2,\"name\":\"L&rsquo;ISEPP\",\"item\":\"https:\/\/www.isepp.pf\/index.php\/lisepp\/\"},{\"@type\":\"ListItem\",\"position\":3,\"name\":\"L&rsquo;\\u00e9quipe\"}]}]}<\/script>\n<!-- \/ Yoast SEO plugin. -->","yoast_head_json":{"title":"L'\u00e9quipe - ISEPP.pf","robots":{"index":"index","follow":"follow","max-snippet":"max-snippet:-1","max-image-preview":"max-image-preview:large","max-video-preview":"max-video-preview:-1"},"canonical":"https:\/\/www.isepp.pf\/index.php\/lisepp\/lequipe\/","og_locale":"fr_FR","og_type":"article","og_title":"L'\u00e9quipe - ISEPP.pf","og_description":"EQUIPE PEDAGOGIQUE EQUIPE ADMINISTRATIVE EQUIPE PEDAGOGIQUE M. Guillaume MARIANI: Directeur,\u00a0 responsable du Master Sciences de l&rsquo;\u00e9ducation M. Cl\u00e9ment BOINOT responsable de la licence Sciences et Techniques des Activit\u00e9s Physiques et Sportives Mme Marion RAPIN responsable de la licence Information-Communication et Psychologie Mme B\u00e9n\u00e9dicte FERRAGUT-KERNINON, responsable de la licence Sciences de l\u2019\u00e9ducation Mme Aur\u00e9lie POISSON Licence [&hellip;]","og_url":"https:\/\/www.isepp.pf\/index.php\/lisepp\/lequipe\/","og_site_name":"ISEPP.pf","article_publisher":"https:\/\/fr-fr.facebook.com\/ISEPP-UCO-Pacifique-886593534792027\/?ref=page_internal","article_modified_time":"2025-05-13T00:20:21+00:00","og_image":[{"url":"https:\/\/www.isepp.pf\/wp-content\/uploads\/2017\/01\/Andre_CHUONG_001.jpg"}],"twitter_card":"summary","twitter_misc":{"Dur\u00e9e de lecture est.":"3 minutes"},"schema":{"@context":"https:\/\/schema.org","@graph":[{"@type":"WebSite","@id":"https:\/\/www.isepp.pf\/#website","url":"https:\/\/www.isepp.pf\/","name":"ISEPP.pf","description":"","potentialAction":[{"@type":"SearchAction","target":{"@type":"EntryPoint","urlTemplate":"https:\/\/www.isepp.pf\/?s={search_term_string}"},"query-input":"required name=search_term_string"}],"inLanguage":"fr-FR"},{"@type":"ImageObject","@id":"https:\/\/www.isepp.pf\/index.php\/lisepp\/lequipe\/#primaryimage","inLanguage":"fr-FR","url":"https:\/\/www.isepp.pf\/wp-content\/uploads\/2017\/01\/Andre_CHUONG_001.jpg","contentUrl":"https:\/\/www.isepp.pf\/wp-content\/uploads\/2017\/01\/Andre_CHUONG_001.jpg","width":116,"height":150},{"@type":"WebPage","@id":"https:\/\/www.isepp.pf\/index.php\/lisepp\/lequipe\/#webpage","url":"https:\/\/www.isepp.pf\/index.php\/lisepp\/lequipe\/","name":"L'\u00e9quipe - ISEPP.pf","isPartOf":{"@id":"https:\/\/www.isepp.pf\/#website"},"primaryImageOfPage":{"@id":"https:\/\/www.isepp.pf\/index.php\/lisepp\/lequipe\/#primaryimage"},"datePublished":"2016-11-29T11:13:45+00:00","dateModified":"2025-05-13T00:20:21+00:00","breadcrumb":{"@id":"https:\/\/www.isepp.pf\/index.php\/lisepp\/lequipe\/#breadcrumb"},"inLanguage":"fr-FR","potentialAction":[{"@type":"ReadAction","target":["https:\/\/www.isepp.pf\/index.php\/lisepp\/lequipe\/"]}]},{"@type":"BreadcrumbList","@id":"https:\/\/www.isepp.pf\/index.php\/lisepp\/lequipe\/#breadcrumb","itemListElement":[{"@type":"ListItem","position":1,"name":"Accueil","item":"https:\/\/www.isepp.pf\/"},{"@type":"ListItem","position":2,"name":"L&rsquo;ISEPP","item":"https:\/\/www.isepp.pf\/index.php\/lisepp\/"},{"@type":"ListItem","position":3,"name":"L&rsquo;\u00e9quipe"}]}]}},"_links":{"self":[{"href":"https:\/\/www.isepp.pf\/index.php\/wp-json\/wp\/v2\/pages\/24"}],"collection":[{"href":"https:\/\/www.isepp.pf\/index.php\/wp-json\/wp\/v2\/pages"}],"about":[{"href":"https:\/\/www.isepp.pf\/index.php\/wp-json\/wp\/v2\/types\/page"}],"author":[{"embeddable":true,"href":"https:\/\/www.isepp.pf\/index.php\/wp-json\/wp\/v2\/users\/1"}],"replies":[{"embeddable":true,"href":"https:\/\/www.isepp.pf\/index.php\/wp-json\/wp\/v2\/comments?post=24"}],"version-history":[{"count":56,"href":"https:\/\/www.isepp.pf\/index.php\/wp-json\/wp\/v2\/pages\/24\/revisions"}],"predecessor-version":[{"id":1890,"href":"https:\/\/www.isepp.pf\/index.php\/wp-json\/wp\/v2\/pages\/24\/revisions\/1890"}],"up":[{"embeddable":true,"href":"https:\/\/www.isepp.pf\/index.php\/wp-json\/wp\/v2\/pages\/57"}],"wp:attachment":[{"href":"https:\/\/www.isepp.pf\/index.php\/wp-json\/wp\/v2\/media?parent=24"}],"curies":[{"name":"wp","href":"https:\/\/api.w.org\/{rel}","templated":true}]}}